{"id":3021,"date":"2024-01-17T16:36:57","date_gmt":"2024-01-17T15:36:57","guid":{"rendered":"https:\/\/eliteclubci.com\/?page_id=3021"},"modified":"2024-02-06T14:45:40","modified_gmt":"2024-02-06T13:45:40","slug":"sports","status":"publish","type":"page","link":"https:\/\/eliteclubci.com\/index.php\/sports\/","title":{"rendered":"Sports"},"content":{"rendered":"<p>[et_pb_section fb_built=\u00a0\u00bb1&Prime; _builder_version=\u00a0\u00bb4.23.1&Prime; _module_preset=\u00a0\u00bbdefault\u00a0\u00bb background_color=\u00a0\u00bb#000000&Prime; custom_padding=\u00a0\u00bb||0px||false|false\u00a0\u00bb hover_enabled=\u00a0\u00bb0&Prime; global_colors_info=\u00a0\u00bb{}\u00a0\u00bb module_class=\u00a0\u00bbidsectionone\u00a0\u00bb sticky_enabled=\u00a0\u00bb0&Prime;][et_pb_row _builder_version=\u00a0\u00bb4.23.1&Prime; _module_preset=\u00a0\u00bbdefault\u00a0\u00bb custom_margin=\u00a0\u00bb||||false|false\u00a0\u00bb custom_padding=\u00a0\u00bb0px||0px||true|false\u00a0\u00bb global_colors_info=\u00a0\u00bb{}\u00a0\u00bb][et_pb_column type=\u00a0\u00bb4_4&Prime; _builder_version=\u00a0\u00bb4.16&Prime; _module_preset=\u00a0\u00bbdefault\u00a0\u00bb global_colors_info=\u00a0\u00bb{}\u00a0\u00bb][et_pb_text _builder_version=\u00a0\u00bb4.23.1&Prime; _module_preset=\u00a0\u00bbdefault\u00a0\u00bb text_font=\u00a0\u00bbMontserrat|800||on|||||\u00a0\u00bb text_text_color=\u00a0\u00bb#f4f5ef\u00a0\u00bb text_font_size=\u00a0\u00bb2vw\u00a0\u00bb text_orientation=\u00a0\u00bbcenter\u00a0\u00bb custom_padding=\u00a0\u00bb||0px||false|false\u00a0\u00bb text_font_size_tablet=\u00a0\u00bb20px\u00a0\u00bb text_font_size_phone=\u00a0\u00bb14px\u00a0\u00bb text_font_size_last_edited=\u00a0\u00bbon|phone\u00a0\u00bb global_colors_info=\u00a0\u00bb{}\u00a0\u00bb]Sports[\/et_pb_text][et_pb_divider color=\u00a0\u00bb#f4f5ef\u00a0\u00bb divider_weight=\u00a0\u00bb7px\u00a0\u00bb _builder_version=\u00a0\u00bb4.23.1&Prime; _module_preset=\u00a0\u00bbdefault\u00a0\u00bb width=\u00a0\u00bb12%\u00a0\u00bb module_alignment=\u00a0\u00bbcenter\u00a0\u00bb global_colors_info=\u00a0\u00bb{}\u00a0\u00bb][\/et_pb_divider][\/et_pb_column][\/et_pb_row][\/et_pb_section][et_pb_section fb_built=\u00a0\u00bb1&Prime; _builder_version=\u00a0\u00bb4.23.1&Prime; _module_preset=\u00a0\u00bbdefault\u00a0\u00bb background_color=\u00a0\u00bb#000000&Prime; custom_padding=\u00a0\u00bb0px||||false|false\u00a0\u00bb hover_enabled=\u00a0\u00bb0&Prime; global_colors_info=\u00a0\u00bb{}\u00a0\u00bb module_class=\u00a0\u00bbidsectionone\u00a0\u00bb sticky_enabled=\u00a0\u00bb0&Prime;][et_pb_row _builder_version=\u00a0\u00bb4.23.1&Prime; _module_preset=\u00a0\u00bbdefault\u00a0\u00bb background_color=\u00a0\u00bb#f4f5ef\u00a0\u00bb width=\u00a0\u00bb90%\u00a0\u00bb max_width=\u00a0\u00bb1920px\u00a0\u00bb custom_margin=\u00a0\u00bb||||false|false\u00a0\u00bb custom_padding=\u00a0\u00bb20px|44px|20px|44px|true|true\u00a0\u00bb animation_style=\u00a0\u00bbzoom\u00a0\u00bb box_shadow_style=\u00a0\u00bbpreset3&Prime; global_colors_info=\u00a0\u00bb{}\u00a0\u00bb][et_pb_column type=\u00a0\u00bb4_4&Prime; _builder_version=\u00a0\u00bb4.23.1&Prime; _module_preset=\u00a0\u00bbdefault\u00a0\u00bb global_colors_info=\u00a0\u00bb{}\u00a0\u00bb][et_pb_text _builder_version=\u00a0\u00bb4.23.1&Prime; _module_preset=\u00a0\u00bbdefault\u00a0\u00bb text_font=\u00a0\u00bbArial||||||||\u00a0\u00bb text_text_color=\u00a0\u00bb#000000&Prime; text_font_size=\u00a0\u00bb1vw\u00a0\u00bb text_orientation=\u00a0\u00bbjustified\u00a0\u00bb text_font_size_tablet=\u00a0\u00bb15px\u00a0\u00bb text_font_size_phone=\u00a0\u00bb15px\u00a0\u00bb text_font_size_last_edited=\u00a0\u00bbon|phone\u00a0\u00bb custom_css_main_element=\u00a0\u00bbfont-weight:500!important;\u00a0\u00bb global_colors_info=\u00a0\u00bb{}\u00a0\u00bb]<\/p>\n<ul>\n<li><span style=\"font-weight:900;\">Le padel<\/span><\/li>\n<\/ul>\n<p>Le padel est un sport de raquette qui gagne en popularit\u00e9 dans le monde entier. Il est souvent d\u00e9crit comme un m\u00e9lange entre le tennis et le squash, offrant une exp\u00e9rience unique aux joueurs de tous \u00e2ges et de tous niveaux.<br \/>\nLe padel se joue sur un court plus petit que celui du tennis, entour\u00e9 de parois en verre et en grillage. Les dimensions du court sont de 10 m\u00e8tres de large sur 20 m\u00e8tres de long. Le sol est recouvert d&rsquo;un mat\u00e9riau synth\u00e9tique sp\u00e9cial pour faciliter les mouvements des joueurs. <\/p>\n<p>Le jeu se joue en double, avec deux \u00e9quipes de deux joueurs s&rsquo;affrontant simultan\u00e9ment. Le but est de faire rebondir la balle sur les parois du court de mani\u00e8re strat\u00e9gique afin de d\u00e9jouer les adversaires et de marquer des points. La balle peut \u00e9galement \u00eatre frapp\u00e9e directement sur le court, mais elle ne doit pas toucher les parois avant de rebondir. <\/p>\n<p>Le padel est connu pour sa convivialit\u00e9 et sa facilit\u00e9 d&rsquo;apprentissage. Les r\u00e8gles sont relativement simples et les d\u00e9butants peuvent rapidement prendre du plaisir \u00e0 jouer. Les \u00e9changes sont souvent rapides et dynamiques, ce qui rend le jeu tr\u00e8s excitant. <\/p>\n<p>Le padel est \u00e9galement un sport tr\u00e8s accessible, car le mat\u00e9riel n\u00e9cessaire est peu co\u00fbteux. Les raquettes de padel sont plus courtes que celles de tennis, ce qui permet aux joueurs de mieux contr\u00f4ler la balle. Les balles utilis\u00e9es sont sp\u00e9cialement con\u00e7ues pour le padel, avec une pression moins \u00e9lev\u00e9e et un rebond plus faible par rapport aux balles de tennis traditionnelles. <\/p>\n<p>Que vous soyez d\u00e9butant ou confirm\u00e9, Elite Club vous accompagne dans votre progression avec ses cours collectifs ou individuels, dispens\u00e9s par des moniteurs exp\u00e9riment\u00e9s. Vous pouvez \u00e9galement participer \u00e0 nos tournois internes ou externes, et rencontrer d&rsquo;autres passionn\u00e9s de padel. <\/p>\n<p> Rejoignez-nous et d\u00e9couvrez ce sport passionnant qui ne cesse de s\u00e9duire de nouveaux adeptes \u00e0 travers le monde entier. <\/p>\n<p>Les prix varient selon les horaires. <a href=\"https:\/\/play.google.com\/store\/apps\/details?id=es.tpc.matchpoint.appclient.eliteclub&#038;pli=1\" target=\"_blank\" rel=\"noopener\"><b style=\"color:#000137;\">R\u00e9servez sur l\u2019application ELITE CLUB.<b><\/a>[\/et_pb_text][\/et_pb_column][\/et_pb_row][et_pb_row _builder_version=\u00a0\u00bb4.23.1&Prime; _module_preset=\u00a0\u00bbdefault\u00a0\u00bb background_color=\u00a0\u00bb#f4f5ef\u00a0\u00bb width=\u00a0\u00bb90%\u00a0\u00bb max_width=\u00a0\u00bb1920px\u00a0\u00bb custom_margin=\u00a0\u00bb30px||||false|false\u00a0\u00bb custom_padding=\u00a0\u00bb26px|42px|26px|42px|true|true\u00a0\u00bb animation_style=\u00a0\u00bbzoom\u00a0\u00bb box_shadow_style=\u00a0\u00bbpreset3&Prime; global_colors_info=\u00a0\u00bb{}\u00a0\u00bb][et_pb_column type=\u00a0\u00bb4_4&Prime; _builder_version=\u00a0\u00bb4.23.1&Prime; _module_preset=\u00a0\u00bbdefault\u00a0\u00bb global_colors_info=\u00a0\u00bb{}\u00a0\u00bb][et_pb_text _builder_version=\u00a0\u00bb4.23.1&Prime; _module_preset=\u00a0\u00bbdefault\u00a0\u00bb text_font=\u00a0\u00bbArial||||||||\u00a0\u00bb text_text_color=\u00a0\u00bb#000000&Prime; text_font_size=\u00a0\u00bb1vw\u00a0\u00bb text_orientation=\u00a0\u00bbjustified\u00a0\u00bb text_font_size_tablet=\u00a0\u00bb15px\u00a0\u00bb text_font_size_phone=\u00a0\u00bb15px\u00a0\u00bb text_font_size_last_edited=\u00a0\u00bbon|phone\u00a0\u00bb custom_css_main_element=\u00a0\u00bbfont-weight:500!important;\u00a0\u00bb global_colors_info=\u00a0\u00bb{}\u00a0\u00bb]<\/p>\n<ul>\n<li><span style=\"font-weight:900;\">Padel enfant<\/span><\/li>\n<\/ul>\n<p>Des terrains de padel plus petits sont disponibles pour permettre \u00e0 vos petits ch\u00e9rubins de commencer \u00e0 jouer au padel d\u00e8s leur plus jeune \u00e2ge. Adapt\u00e9s sp\u00e9cialement aux enfants, ces terrains offrent un environnement s\u00e9curis\u00e9 et adapt\u00e9 \u00e0 leur taille.<\/p>\n<p>Les dimensions des terrains de padel pour enfants sont r\u00e9duites, ce qui leur permet de mieux appr\u00e9hender le jeu et de d\u00e9velopper leurs comp\u00e9tences de mani\u00e8re progressive. Les parois du court sont \u00e9galement adapt\u00e9es pour une utilisation sans danger par les enfants.<\/p>\n<p>Le padel pour les jeunes joueurs offre de nombreux avantages. Il aide \u00e0 d\u00e9velopper la coordination \u0153il-main, la vitesse, l&rsquo;agilit\u00e9 et les comp\u00e9tences tactiques. De plus, il favorise l&rsquo;esprit d&rsquo;\u00e9quipe et l&rsquo;apprentissage des r\u00e8gles du jeu.<\/p>\n<p>Pour permettre \u00e0 vos enfants de profiter pleinement du padel, il existe \u00e9galement des raquettes sp\u00e9cialement con\u00e7ues pour eux, plus l\u00e9g\u00e8res et plus maniables. De cette fa\u00e7on, ils pourront s&rsquo;amuser tout en apprenant les bases du jeu de mani\u00e8re confortable.<\/p>\n<p>N&rsquo;attendez plus pour initier vos enfants au padel et leur offrir une exp\u00e9rience sportive amusante et stimulante d\u00e8s leur plus jeune \u00e2ge !<\/p>\n<p>[\/et_pb_text][\/et_pb_column][\/et_pb_row][et_pb_row _builder_version=\u00a0\u00bb4.23.1&Prime; _module_preset=\u00a0\u00bbdefault\u00a0\u00bb background_color=\u00a0\u00bb#f4f5ef\u00a0\u00bb width=\u00a0\u00bb90%\u00a0\u00bb max_width=\u00a0\u00bb1920px\u00a0\u00bb custom_margin=\u00a0\u00bb35px||||false|false\u00a0\u00bb custom_padding=\u00a0\u00bb23px|35px|23px|35px|true|true\u00a0\u00bb animation_style=\u00a0\u00bbzoom\u00a0\u00bb box_shadow_style=\u00a0\u00bbpreset2&Prime; global_colors_info=\u00a0\u00bb{}\u00a0\u00bb][et_pb_column type=\u00a0\u00bb4_4&Prime; _builder_version=\u00a0\u00bb4.23.1&Prime; _module_preset=\u00a0\u00bbdefault\u00a0\u00bb global_colors_info=\u00a0\u00bb{}\u00a0\u00bb][et_pb_text _builder_version=\u00a0\u00bb4.23.1&Prime; _module_preset=\u00a0\u00bbdefault\u00a0\u00bb text_font=\u00a0\u00bbArial||||||||\u00a0\u00bb text_text_color=\u00a0\u00bb#000000&Prime; text_font_size=\u00a0\u00bb1vw\u00a0\u00bb text_orientation=\u00a0\u00bbjustified\u00a0\u00bb text_font_size_tablet=\u00a0\u00bb15px\u00a0\u00bb text_font_size_phone=\u00a0\u00bb15px\u00a0\u00bb text_font_size_last_edited=\u00a0\u00bbon|phone\u00a0\u00bb custom_css_main_element=\u00a0\u00bbfont-weight:500!important;\u00a0\u00bb global_colors_info=\u00a0\u00bb{}\u00a0\u00bb]<\/p>\n<ul>\n<li><span style=\"font-weight:900;\">PadBol : Le jeu qui r\u00e9volutionne le sport<\/span>\n<\/li>\n<\/ul>\n<p>Bienvenue dans le monde passionnant du Padbol, un sport qui combine le meilleur du football et du padel. Originaire d\u2019Argentine, le Padbol est un jeu dynamique qui gagne rapidement en popularit\u00e9 \u00e0 travers le monde.<\/p>\n<p><b>Comment Jouer au Padbol<\/b>:<\/p>\n<p>Le Padbol se joue sur un terrain de padel r\u00e9duit de 6m sur 10m, avec un ballon de football. Deux \u00e9quipes de deux joueurs s\u2019affrontent, l\u2019objectif \u00e9tant de marquer dans le but adverse. Les joueurs peuvent utiliser n\u2019importe quelle partie de leur corps, \u00e0 l\u2019exception des bras et des mains. La balle peut rebondir sur n\u2019importe quelle surface du terrain, y compris les murs, ce qui rend le jeu rapide et impr\u00e9visible.<\/p>\n<p><b>Pourquoi Essayer le Padbol<\/b>:<\/p>\n<p>Le Padbol est plus qu\u2019un simple jeu, c\u2019est un sport qui favorise le travail d\u2019\u00e9quipe, l\u2019agilit\u00e9 et la strat\u00e9gie. Que vous soyez un passionn\u00e9 de football ou un amateur de sports de raquette, le Padbol offre une exp\u00e9rience unique qui mettra \u00e0 l\u2019\u00e9preuve vos comp\u00e9tences et votre endurance.<\/p>\n<p><b>Rejoignez-nous !<\/b><\/p>\n<p>Nous vous invitons \u00e0 essayer le Padbol et \u00e0 d\u00e9couvrir par vous-m\u00eame pourquoi ce sport gagne en popularit\u00e9. Que vous souhaitiez vous amuser, vous mettre au d\u00e9fi ou simplement essayer quelque chose de nouveau, le Padbol est le jeu qu\u2019il vous faut. Rejoignez-nous et faites partie de la r\u00e9volution du Padbol !<br \/>\nAlors, \u00eates-vous pr\u00eat \u00e0 entrer dans le jeu ? Venez essayer le Padbol et d\u00e9couvrez le sport qui fait sensation dans le monde entier !<br \/>\n<a href=\"https:\/\/play.google.com\/store\/apps\/details?id=es.tpc.matchpoint.appclient.eliteclub&#038;pli=1\" target=\"_blank\" rel=\"noopener\"><b style=\"color:#000137;\">R\u00e9servez votre terrain sur l\u2019application ELITE CLUB.<b><\/a>[\/et_pb_text][\/et_pb_column][\/et_pb_row][et_pb_row _builder_version=\u00a0\u00bb4.23.1&Prime; _module_preset=\u00a0\u00bbdefault\u00a0\u00bb background_color=\u00a0\u00bb#f4f5ef\u00a0\u00bb width=\u00a0\u00bb90%\u00a0\u00bb max_width=\u00a0\u00bb1920px\u00a0\u00bb custom_margin=\u00a0\u00bb35px||||false|false\u00a0\u00bb custom_padding=\u00a0\u00bb23px|35px|23px|35px|true|true\u00a0\u00bb animation_style=\u00a0\u00bbzoom\u00a0\u00bb box_shadow_style=\u00a0\u00bbpreset2&Prime; global_colors_info=\u00a0\u00bb{}\u00a0\u00bb][et_pb_column type=\u00a0\u00bb4_4&Prime; _builder_version=\u00a0\u00bb4.23.1&Prime; _module_preset=\u00a0\u00bbdefault\u00a0\u00bb global_colors_info=\u00a0\u00bb{}\u00a0\u00bb][et_pb_text _builder_version=\u00a0\u00bb4.23.1&Prime; _module_preset=\u00a0\u00bbdefault\u00a0\u00bb text_font=\u00a0\u00bbArial||||||||\u00a0\u00bb text_text_color=\u00a0\u00bb#000000&Prime; text_font_size=\u00a0\u00bb1vw\u00a0\u00bb text_orientation=\u00a0\u00bbjustified\u00a0\u00bb text_font_size_tablet=\u00a0\u00bb15px\u00a0\u00bb text_font_size_phone=\u00a0\u00bb15px\u00a0\u00bb text_font_size_last_edited=\u00a0\u00bbon|phone\u00a0\u00bb custom_css_main_element=\u00a0\u00bbfont-weight:500!important;\u00a0\u00bb global_colors_info=\u00a0\u00bb{}\u00a0\u00bb]<\/p>\n<ul>\n<li><span style=\"font-weight:900;\">Basketball : Jouez sur notre Terrain en Acrylique <\/span>\n<\/li>\n<\/ul>\n<p><b>Introduction au Terrain de Basketball:<\/b><\/p>\n<p>Bienvenue dans notre club de sport o\u00f9 nous offrons la location d\u2019un terrain de basketball en acrylique de haute qualit\u00e9. Que vous soyez un joueur amateur ou professionnel, notre terrain offre une exp\u00e9rience de jeu exceptionnelle. <\/p>\n<p><b>Caract\u00e9ristiques du Terrain en Acrylique :<\/b><\/p>\n<p>Notre terrain de basketball en acrylique est con\u00e7u pour offrir une performance optimale. L\u2019acrylique est r\u00e9put\u00e9 pour sa durabilit\u00e9 et sa capacit\u00e9 \u00e0 r\u00e9sister aux intemp\u00e9ries, ce qui rend notre terrain id\u00e9al pour les matchs en toutes saisons. De plus, la surface en acrylique offre une excellente adh\u00e9rence, permettant aux joueurs de faire des mouvements rapides et pr\u00e9cis. <\/p>\n<p><b>Pourquoi Louer notre Terrain de Basketball :<\/b><br \/>\nEn louant notre terrain de basketball en acrylique, vous b\u00e9n\u00e9ficiez non seulement d\u2019un terrain de qualit\u00e9 sup\u00e9rieure, mais aussi de l\u2019ambiance dynamique de notre club de sport. C\u2019est l\u2019endroit id\u00e9al pour organiser des matchs amicaux, des tournois ou des s\u00e9ances d\u2019entra\u00eenement. <\/p>\n<p><b>Rejoignez-nous ! <\/b><\/p>\n<p>Nous vous invitons \u00e0 venir d\u00e9couvrir notre terrain de basketball en acrylique. Que vous souhaitiez organiser un match, am\u00e9liorer vos comp\u00e9tences ou simplement profiter d\u2019une partie de basketball, notre terrain est \u00e0 votre disposition. Rejoignez-nous et vivez l\u2019exp\u00e9rience du basketball \u00e0 son meilleur !<br \/>\nAlors, \u00eates-vous pr\u00eat \u00e0 jouer ? Venez d\u00e9couvrir notre terrain de basketball en acrylique et profitez d\u2019une exp\u00e9rience de jeu in\u00e9gal\u00e9e ! [\/et_pb_text][\/et_pb_column][\/et_pb_row][et_pb_row _builder_version=\u00a0\u00bb4.23.1&Prime; _module_preset=\u00a0\u00bbdefault\u00a0\u00bb background_color=\u00a0\u00bb#f4f5ef\u00a0\u00bb width=\u00a0\u00bb90%\u00a0\u00bb max_width=\u00a0\u00bb1920px\u00a0\u00bb custom_margin=\u00a0\u00bb35px||||false|false\u00a0\u00bb custom_padding=\u00a0\u00bb23px|35px|23px|35px|true|true\u00a0\u00bb animation_style=\u00a0\u00bbzoom\u00a0\u00bb box_shadow_style=\u00a0\u00bbpreset2&Prime; global_colors_info=\u00a0\u00bb{}\u00a0\u00bb][et_pb_column type=\u00a0\u00bb4_4&Prime; _builder_version=\u00a0\u00bb4.23.1&Prime; _module_preset=\u00a0\u00bbdefault\u00a0\u00bb global_colors_info=\u00a0\u00bb{}\u00a0\u00bb][et_pb_text _builder_version=\u00a0\u00bb4.23.1&Prime; _module_preset=\u00a0\u00bbdefault\u00a0\u00bb text_font=\u00a0\u00bbArial||||||||\u00a0\u00bb text_text_color=\u00a0\u00bb#000000&Prime; text_font_size=\u00a0\u00bb1vw\u00a0\u00bb text_orientation=\u00a0\u00bbjustified\u00a0\u00bb text_font_size_tablet=\u00a0\u00bb15px\u00a0\u00bb text_font_size_phone=\u00a0\u00bb15px\u00a0\u00bb text_font_size_last_edited=\u00a0\u00bbon|phone\u00a0\u00bb custom_css_main_element=\u00a0\u00bbfont-weight:500!important;\u00a0\u00bb global_colors_info=\u00a0\u00bb{}\u00a0\u00bb]<\/p>\n<ul>\n<li><span style=\"font-weight:900;\">VOLLEYBALL: D\u00e9couvrez notre Terrain en Acrylique   <\/span>\n<\/li>\n<\/ul>\n<p><b>Pr\u00e9sentation du Terrain de Volleyball :<\/b><\/p>\n<p>Bienvenue dans notre club de sport, o\u00f9 nous proposons la location d\u2019un terrain de volleyball en acrylique de premi\u00e8re qualit\u00e9. Que vous soyez un joueur d\u00e9butant ou exp\u00e9riment\u00e9, notre terrain offre une exp\u00e9rience de jeu exceptionnelle. <\/p>\n<p><b>Les Avantages du Terrain en Acrylique <\/b><\/p>\n<p>Notre terrain de volleyball en acrylique est con\u00e7u pour offrir une performance optimale. L\u2019acrylique est connu pour sa durabilit\u00e9 et sa r\u00e9sistance aux intemp\u00e9ries, ce qui rend notre terrain parfait pour les matchs en toutes saisons. De plus, la surface en acrylique offre une excellente adh\u00e9rence, permettant aux joueurs de se d\u00e9placer rapidement et avec pr\u00e9cision. <\/p>\n<p><b>Pourquoi Louer notre Terrain de Volleyball :<\/b><\/p>\n<p>En louant notre terrain de volleyball en acrylique, vous b\u00e9n\u00e9ficiez non seulement d\u2019un terrain de qualit\u00e9 sup\u00e9rieure, mais aussi de l\u2019ambiance dynamique de notre club de sport. C\u2019est l\u2019endroit id\u00e9al pour organiser des matchs amicaux, des tournois ou des entra\u00eenements. <\/p>\n<p><b>Rejoignez-nous ! <\/b><\/p>\n<p>Nous vous invitons \u00e0 venir d\u00e9couvrir notre terrain de volleyball en acrylique. Que vous souhaitiez organiser un match, am\u00e9liorer vos comp\u00e9tences ou simplement profiter d\u2019une partie de volleyball, notre terrain est \u00e0 votre disposition. Rejoignez-nous et vivez l\u2019exp\u00e9rience du volleyball \u00e0 son meilleur !<br \/>\nAlors, \u00eates-vous pr\u00eat \u00e0 jouer ? Venez d\u00e9couvrir notre terrain de volleyball en acrylique et profitez d\u2019une exp\u00e9rience de jeu in\u00e9gal\u00e9e ! [\/et_pb_text][\/et_pb_column][\/et_pb_row][et_pb_row _builder_version=\u00a0\u00bb4.23.1&Prime; _module_preset=\u00a0\u00bbdefault\u00a0\u00bb background_color=\u00a0\u00bb#f4f5ef\u00a0\u00bb width=\u00a0\u00bb90%\u00a0\u00bb max_width=\u00a0\u00bb1920px\u00a0\u00bb custom_margin=\u00a0\u00bb35px||||false|false\u00a0\u00bb custom_padding=\u00a0\u00bb23px|35px|23px|35px|true|true\u00a0\u00bb animation_style=\u00a0\u00bbzoom\u00a0\u00bb box_shadow_style=\u00a0\u00bbpreset2&Prime; global_colors_info=\u00a0\u00bb{}\u00a0\u00bb][et_pb_column type=\u00a0\u00bb4_4&Prime; _builder_version=\u00a0\u00bb4.23.1&Prime; _module_preset=\u00a0\u00bbdefault\u00a0\u00bb global_colors_info=\u00a0\u00bb{}\u00a0\u00bb][et_pb_text _builder_version=\u00a0\u00bb4.23.1&Prime; _module_preset=\u00a0\u00bbdefault\u00a0\u00bb text_font=\u00a0\u00bbArial||||||||\u00a0\u00bb text_text_color=\u00a0\u00bb#000000&Prime; text_font_size=\u00a0\u00bb1vw\u00a0\u00bb text_orientation=\u00a0\u00bbjustified\u00a0\u00bb text_font_size_tablet=\u00a0\u00bb15px\u00a0\u00bb text_font_size_phone=\u00a0\u00bb15px\u00a0\u00bb text_font_size_last_edited=\u00a0\u00bbon|phone\u00a0\u00bb custom_css_main_element=\u00a0\u00bbfont-weight:500!important;\u00a0\u00bb global_colors_info=\u00a0\u00bb{}\u00a0\u00bb]<\/p>\n<ul>\n<li><span style=\"font-weight:900;\">FOOTBALL 7 vs 7 5 vs 5 (Hors application)   <\/span>\n<\/li>\n<\/ul>\n<p><b>Pr\u00e9sentation du Terrain de Volleyball :<\/b><\/p>\n<p>Bienvenue dans notre club de sport, o\u00f9 nous proposons la location d\u2019un terrain de volleyball en acrylique de premi\u00e8re qualit\u00e9. Que vous soyez un joueur d\u00e9butant ou exp\u00e9riment\u00e9, notre terrain offre une exp\u00e9rience de jeu exceptionnelle. <\/p>\n<p><b>Les Avantages du Terrain en Acrylique <\/b><br \/>\n2 terrains de football en gazon artificiel sont disponibles. Du 5 vs 5 pour une s\u00e9ance cardio pouss\u00e9e et du 7 vs 7 qui peut aller a du 8 vs 8 pour ceux qui pr\u00e9f\u00e8rent une exp\u00e9rience footballistique plus classique.<br \/>\nR\u00e9servation hors application.<br \/>\nContactez le\u202f\u2026. [\/et_pb_text][\/et_pb_column][\/et_pb_row][et_pb_row _builder_version=\u00a0\u00bb4.23.1&Prime; _module_preset=\u00a0\u00bbdefault\u00a0\u00bb background_color=\u00a0\u00bb#f4f5ef\u00a0\u00bb width=\u00a0\u00bb90%\u00a0\u00bb max_width=\u00a0\u00bb1920px\u00a0\u00bb custom_margin=\u00a0\u00bb35px||||false|false\u00a0\u00bb custom_padding=\u00a0\u00bb23px|35px|23px|35px|true|true\u00a0\u00bb animation_style=\u00a0\u00bbzoom\u00a0\u00bb box_shadow_style=\u00a0\u00bbpreset2&Prime; global_colors_info=\u00a0\u00bb{}\u00a0\u00bb][et_pb_column type=\u00a0\u00bb4_4&Prime; _builder_version=\u00a0\u00bb4.23.1&Prime; _module_preset=\u00a0\u00bbdefault\u00a0\u00bb global_colors_info=\u00a0\u00bb{}\u00a0\u00bb][et_pb_text _builder_version=\u00a0\u00bb4.23.1&Prime; _module_preset=\u00a0\u00bbdefault\u00a0\u00bb text_font=\u00a0\u00bbArial||||||||\u00a0\u00bb text_text_color=\u00a0\u00bb#000000&Prime; text_font_size=\u00a0\u00bb1vw\u00a0\u00bb text_orientation=\u00a0\u00bbjustified\u00a0\u00bb text_font_size_tablet=\u00a0\u00bb15px\u00a0\u00bb text_font_size_phone=\u00a0\u00bb15px\u00a0\u00bb text_font_size_last_edited=\u00a0\u00bbon|phone\u00a0\u00bb custom_css_main_element=\u00a0\u00bbfont-weight:500!important;\u00a0\u00bb global_colors_info=\u00a0\u00bb{}\u00a0\u00bb]<\/p>\n<ul>\n<li><span style=\"font-weight:900;\">F45 (Hors application)   <\/span>\n<\/li>\n<\/ul>\n<p><b>F45 Training : Votre Nouvelle Destination Fitness  :<\/b><\/p>\n<p><b>Qu\u2019est-ce que le F45 Training ? <\/b><\/p>\n<p>Le F45 Training est un programme d\u2019entra\u00eenement fonctionnel innovant qui combine des \u00e9l\u00e9ments de cardio \u00e0 haute intensit\u00e9, de musculation et de fitness fonctionnel en un seul entra\u00eenement. Le \u201cF\u201d signifie fonctionnel et le \u201c45\u201d repr\u00e9sente la dur\u00e9e totale de chaque s\u00e9ance d\u2019entra\u00eenement : 45 minutes. <\/p>\n<p><b>Pourquoi choisir le F45 Training ? <\/b><\/p>\n<p>Chaque s\u00e9ance d\u2019entra\u00eenement F45 est con\u00e7ue pour br\u00fbler des graisses et renforcer les muscles, tout en am\u00e9liorant l\u2019endurance, l\u2019agilit\u00e9 et la flexibilit\u00e9. Les entra\u00eenements sont constamment vari\u00e9s, ce qui signifie que vous ne ferez jamais deux fois le m\u00eame entra\u00eenement. Cela garde les choses int\u00e9ressantes et stimulantes, tout en assurant que chaque partie de votre corps re\u00e7oit l\u2019attention qu\u2019elle m\u00e9rite. <\/p>\n<p><b>Notre Salle de F45 Training :<\/b><\/p>\n<p>Notre nouvelle salle de F45 Training est \u00e9quip\u00e9e de tout le mat\u00e9riel n\u00e9cessaire pour un entra\u00eenement complet. Nous avons des instructeurs qualifi\u00e9s qui sont l\u00e0 pour vous guider \u00e0 chaque \u00e9tape, assurant que vous effectuez chaque exercice de mani\u00e8re s\u00fbre et efficace. <\/p>\n<p><b>Rejoignez-nous ! <\/b><\/p>\n<p>Nous sommes ravis de vous accueillir dans notre nouvelle salle de F45 Training. Que vous soyez un d\u00e9butant en mati\u00e8re de fitness ou un athl\u00e8te chevronn\u00e9, le F45 Training offre un d\u00e9fi adapt\u00e9 \u00e0 tous les niveaux de forme physique. Rejoignez-nous et d\u00e9couvrez comment le F45 Training peut transformer votre routine de fitness !<br \/>\nAlors, \u00eates-vous pr\u00eat \u00e0 relever le d\u00e9fi ? Venez d\u00e9couvrir le F45 Training et pr\u00e9parez-vous \u00e0 \u00eatre \u00e9tonn\u00e9 par les r\u00e9sultats ! <\/p>\n<p>R\u00e9servation hors application.<br \/>\nContactez le\u202f\u2026 [\/et_pb_text][\/et_pb_column][\/et_pb_row][\/et_pb_section]<\/p>\n","protected":false},"excerpt":{"rendered":"<p>Sports Le padel Le padel est un sport de raquette qui gagne en popularit\u00e9 dans le monde entier. Il est souvent d\u00e9crit comme un m\u00e9lange entre le tennis et le squash, offrant une exp\u00e9rience unique aux joueurs de tous \u00e2ges et de tous niveaux. Le padel se joue sur un court plus petit que celui [&hellip;]<\/p>\n","protected":false},"author":2,"featured_media":0,"parent":0,"menu_order":0,"comment_status":"closed","ping_status":"closed","template":"","meta":{"_et_pb_use_builder":"on","_et_pb_old_content":"","_et_gb_content_width":"","footnotes":""},"_links":{"self":[{"href":"https:\/\/eliteclubci.com\/index.php\/wp-json\/wp\/v2\/pages\/3021"}],"collection":[{"href":"https:\/\/eliteclubci.com\/index.php\/wp-json\/wp\/v2\/pages"}],"about":[{"href":"https:\/\/eliteclubci.com\/index.php\/wp-json\/wp\/v2\/types\/page"}],"author":[{"embeddable":true,"href":"https:\/\/eliteclubci.com\/index.php\/wp-json\/wp\/v2\/users\/2"}],"replies":[{"embeddable":true,"href":"https:\/\/eliteclubci.com\/index.php\/wp-json\/wp\/v2\/comments?post=3021"}],"version-history":[{"count":20,"href":"https:\/\/eliteclubci.com\/index.php\/wp-json\/wp\/v2\/pages\/3021\/revisions"}],"predecessor-version":[{"id":3249,"href":"https:\/\/eliteclubci.com\/index.php\/wp-json\/wp\/v2\/pages\/3021\/revisions\/3249"}],"wp:attachment":[{"href":"https:\/\/eliteclubci.com\/index.php\/wp-json\/wp\/v2\/media?parent=3021"}],"curies":[{"name":"wp","href":"https:\/\/api.w.org\/{rel}","templated":true}]}}