{"id":3033,"date":"2024-01-17T16:42:50","date_gmt":"2024-01-17T15:42:50","guid":{"rendered":"https:\/\/eliteclubci.com\/?page_id=3033"},"modified":"2024-02-06T14:44:43","modified_gmt":"2024-02-06T13:44:43","slug":"regle-et-reservation","status":"publish","type":"page","link":"https:\/\/eliteclubci.com\/index.php\/regle-et-reservation\/","title":{"rendered":"R\u00e8gle et r\u00e9servation"},"content":{"rendered":"<p>[et_pb_section fb_built=\u00a0\u00bb1&Prime; _builder_version=\u00a0\u00bb4.23.1&Prime; _module_preset=\u00a0\u00bbdefault\u00a0\u00bb background_color=\u00a0\u00bb#000000&Prime; hover_enabled=\u00a0\u00bb0&Prime; global_colors_info=\u00a0\u00bb{}\u00a0\u00bb module_class=\u00a0\u00bbidsectionone\u00a0\u00bb sticky_enabled=\u00a0\u00bb0&Prime;][et_pb_row _builder_version=\u00a0\u00bb4.23.1&Prime; _module_preset=\u00a0\u00bbdefault\u00a0\u00bb custom_padding=\u00a0\u00bb0px||0px||true|false\u00a0\u00bb global_colors_info=\u00a0\u00bb{}\u00a0\u00bb][et_pb_column type=\u00a0\u00bb4_4&Prime; _builder_version=\u00a0\u00bb4.16&Prime; _module_preset=\u00a0\u00bbdefault\u00a0\u00bb global_colors_info=\u00a0\u00bb{}\u00a0\u00bb][et_pb_text _builder_version=\u00a0\u00bb4.23.1&Prime; _module_preset=\u00a0\u00bbdefault\u00a0\u00bb text_font=\u00a0\u00bbMontserrat|800||on|||||\u00a0\u00bb text_text_color=\u00a0\u00bb#f4f5ef\u00a0\u00bb text_font_size=\u00a0\u00bb2vw\u00a0\u00bb text_orientation=\u00a0\u00bbcenter\u00a0\u00bb custom_padding=\u00a0\u00bb||0px||false|false\u00a0\u00bb text_font_size_tablet=\u00a0\u00bb20px\u00a0\u00bb text_font_size_phone=\u00a0\u00bb14px\u00a0\u00bb text_font_size_last_edited=\u00a0\u00bbon|phone\u00a0\u00bb global_colors_info=\u00a0\u00bb{}\u00a0\u00bb]R\u00e8gle et r\u00e9servation[\/et_pb_text][et_pb_divider color=\u00a0\u00bb#f4f5ef\u00a0\u00bb divider_weight=\u00a0\u00bb7px\u00a0\u00bb _builder_version=\u00a0\u00bb4.23.1&Prime; _module_preset=\u00a0\u00bbdefault\u00a0\u00bb width=\u00a0\u00bb12%\u00a0\u00bb module_alignment=\u00a0\u00bbcenter\u00a0\u00bb global_colors_info=\u00a0\u00bb{}\u00a0\u00bb][\/et_pb_divider][\/et_pb_column][\/et_pb_row][\/et_pb_section][et_pb_section fb_built=\u00a0\u00bb1&Prime; _builder_version=\u00a0\u00bb4.23.1&Prime; _module_preset=\u00a0\u00bbdefault\u00a0\u00bb background_color=\u00a0\u00bb#000000&Prime; custom_padding=\u00a0\u00bb0px||||false|false\u00a0\u00bb hover_enabled=\u00a0\u00bb0&Prime; global_colors_info=\u00a0\u00bb{}\u00a0\u00bb module_class=\u00a0\u00bbidsectionone\u00a0\u00bb sticky_enabled=\u00a0\u00bb0&Prime;][et_pb_row column_structure=\u00a0\u00bb1_2,1_2&Prime; _builder_version=\u00a0\u00bb4.23.1&Prime; _module_preset=\u00a0\u00bbdefault\u00a0\u00bb background_color=\u00a0\u00bb#f4f5ef\u00a0\u00bb width=\u00a0\u00bb90%\u00a0\u00bb max_width=\u00a0\u00bb1920px\u00a0\u00bb custom_padding=\u00a0\u00bb35px|35px|35px|35px|true|true\u00a0\u00bb animation_style=\u00a0\u00bbzoom\u00a0\u00bb box_shadow_style=\u00a0\u00bbpreset2&Prime; global_colors_info=\u00a0\u00bb{}\u00a0\u00bb][et_pb_column type=\u00a0\u00bb1_2&Prime; _builder_version=\u00a0\u00bb4.23.1&Prime; _module_preset=\u00a0\u00bbdefault\u00a0\u00bb global_colors_info=\u00a0\u00bb{}\u00a0\u00bb][et_pb_text _builder_version=\u00a0\u00bb4.23.1&Prime; _module_preset=\u00a0\u00bbdefault\u00a0\u00bb text_font=\u00a0\u00bbArial||||||||\u00a0\u00bb text_text_color=\u00a0\u00bb#000000&Prime; text_font_size=\u00a0\u00bb1vw\u00a0\u00bb text_font_size_tablet=\u00a0\u00bb15px\u00a0\u00bb text_font_size_phone=\u00a0\u00bb15px\u00a0\u00bb text_font_size_last_edited=\u00a0\u00bbon|phone\u00a0\u00bb custom_css_main_element=\u00a0\u00bbfont-weight:500!important;\u00a0\u00bb global_colors_info=\u00a0\u00bb{}\u00a0\u00bb]<b>REGLES DE RESERVATION\u202f: <\/b><\/p>\n<ul>\n<li><b>PADEL <\/b><\/li>\n<\/ul>\n<p>Les terrains sont r\u00e9serv\u00e9s par tranche de 1h jusqu\u2019\u00e0 15h puis 1h30 de 16h \u00e0 fermeture. Les prix de r\u00e9servation varient selon les heures. R\u00e9servez dans l\u2019application. <\/p>\n<ul>\n<li><b>PADBOL<\/b><\/li>\n<\/ul>\n<p>Les terrains sont r\u00e9serv\u00e9s par tranche de 1h. Les prix de r\u00e9servation varient selon les heures. R\u00e9servez dans l\u2019application. <\/p>\n<ul>\n<li><b>BASKETBALL<\/b> <\/li>\n<\/ul>\n<p>Les terrains sont r\u00e9serv\u00e9s par tranche de 1h30. Les prix de r\u00e9servation varient selon les heures. R\u00e9servez dans l\u2019application. <\/p>\n<ul>\n<li><b>VOLLEYBALL <\/b><\/li>\n<\/ul>\n<p>Les terrains sont r\u00e9serv\u00e9s par tranche de 1h30. Les prix de r\u00e9servation varient selon les heures. R\u00e9servez dans l\u2019application. [\/et_pb_text][\/et_pb_column][et_pb_column type=\u00a0\u00bb1_2&Prime; _builder_version=\u00a0\u00bb4.23.1&Prime; _module_preset=\u00a0\u00bbdefault\u00a0\u00bb global_colors_info=\u00a0\u00bb{}\u00a0\u00bb][et_pb_image src=\u00a0\u00bbhttp:\/\/eliteclubci.com\/wp-content\/uploads\/2024\/01\/padbol.jpg\u00a0\u00bb title_text=\u00a0\u00bbpadbol\u00a0\u00bb align=\u00a0\u00bbcenter\u00a0\u00bb _builder_version=\u00a0\u00bb4.23.1&Prime; _module_preset=\u00a0\u00bbdefault\u00a0\u00bb box_shadow_style=\u00a0\u00bbpreset3&Prime; box_shadow_color=\u00a0\u00bb#000000&Prime; global_colors_info=\u00a0\u00bb{}\u00a0\u00bb][\/et_pb_image][\/et_pb_column][\/et_pb_row][\/et_pb_section]<\/p>\n","protected":false},"excerpt":{"rendered":"<p>R\u00e8gle et r\u00e9servationREGLES DE RESERVATION\u202f: PADEL Les terrains sont r\u00e9serv\u00e9s par tranche de 1h jusqu\u2019\u00e0 15h puis 1h30 de 16h \u00e0 fermeture. Les prix de r\u00e9servation varient selon les heures. R\u00e9servez dans l\u2019application. PADBOL Les terrains sont r\u00e9serv\u00e9s par tranche de 1h. Les prix de r\u00e9servation varient selon les heures. R\u00e9servez dans l\u2019application. BASKETBALL Les [&hellip;]<\/p>\n","protected":false},"author":2,"featured_media":0,"parent":0,"menu_order":0,"comment_status":"closed","ping_status":"closed","template":"","meta":{"_et_pb_use_builder":"on","_et_pb_old_content":"","_et_gb_content_width":"","footnotes":""},"_links":{"self":[{"href":"https:\/\/eliteclubci.com\/index.php\/wp-json\/wp\/v2\/pages\/3033"}],"collection":[{"href":"https:\/\/eliteclubci.com\/index.php\/wp-json\/wp\/v2\/pages"}],"about":[{"href":"https:\/\/eliteclubci.com\/index.php\/wp-json\/wp\/v2\/types\/page"}],"author":[{"embeddable":true,"href":"https:\/\/eliteclubci.com\/index.php\/wp-json\/wp\/v2\/users\/2"}],"replies":[{"embeddable":true,"href":"https:\/\/eliteclubci.com\/index.php\/wp-json\/wp\/v2\/comments?post=3033"}],"version-history":[{"count":7,"href":"https:\/\/eliteclubci.com\/index.php\/wp-json\/wp\/v2\/pages\/3033\/revisions"}],"predecessor-version":[{"id":3248,"href":"https:\/\/eliteclubci.com\/index.php\/wp-json\/wp\/v2\/pages\/3033\/revisions\/3248"}],"wp:attachment":[{"href":"https:\/\/eliteclubci.com\/index.php\/wp-json\/wp\/v2\/media?parent=3033"}],"curies":[{"name":"wp","href":"https:\/\/api.w.org\/{rel}","templated":true}]}}