{"id":3037,"date":"2024-01-17T16:44:39","date_gmt":"2024-01-17T15:44:39","guid":{"rendered":"https:\/\/eliteclubci.com\/?page_id=3037"},"modified":"2024-02-06T14:43:04","modified_gmt":"2024-02-06T13:43:04","slug":"membership-elite-platinum","status":"publish","type":"page","link":"https:\/\/eliteclubci.com\/index.php\/membership-elite-platinum\/","title":{"rendered":"Membership Elite Platinum"},"content":{"rendered":"<p>[et_pb_section fb_built=\u00a0\u00bb1&Prime; _builder_version=\u00a0\u00bb4.23.1&Prime; _module_preset=\u00a0\u00bbdefault\u00a0\u00bb background_color=\u00a0\u00bb#000000&Prime; hover_enabled=\u00a0\u00bb0&Prime; global_colors_info=\u00a0\u00bb{}\u00a0\u00bb module_class=\u00a0\u00bbidsectionone\u00a0\u00bb sticky_enabled=\u00a0\u00bb0&Prime;][et_pb_row _builder_version=\u00a0\u00bb4.23.1&Prime; _module_preset=\u00a0\u00bbdefault\u00a0\u00bb custom_padding=\u00a0\u00bb0px||0px||true|false\u00a0\u00bb global_colors_info=\u00a0\u00bb{}\u00a0\u00bb][et_pb_column type=\u00a0\u00bb4_4&Prime; _builder_version=\u00a0\u00bb4.16&Prime; _module_preset=\u00a0\u00bbdefault\u00a0\u00bb global_colors_info=\u00a0\u00bb{}\u00a0\u00bb][et_pb_text _builder_version=\u00a0\u00bb4.23.1&Prime; _module_preset=\u00a0\u00bbdefault\u00a0\u00bb text_font=\u00a0\u00bbMontserrat|800||on|||||\u00a0\u00bb text_text_color=\u00a0\u00bb#f4f5ef\u00a0\u00bb text_font_size=\u00a0\u00bb2vw\u00a0\u00bb text_orientation=\u00a0\u00bbcenter\u00a0\u00bb custom_padding=\u00a0\u00bb||0px||false|false\u00a0\u00bb text_font_size_tablet=\u00a0\u00bb20px\u00a0\u00bb text_font_size_phone=\u00a0\u00bb14px\u00a0\u00bb text_font_size_last_edited=\u00a0\u00bbon|phone\u00a0\u00bb global_colors_info=\u00a0\u00bb{}\u00a0\u00bb]Membership elite platinum[\/et_pb_text][et_pb_divider color=\u00a0\u00bb#f4f5ef\u00a0\u00bb divider_weight=\u00a0\u00bb7px\u00a0\u00bb _builder_version=\u00a0\u00bb4.23.1&Prime; _module_preset=\u00a0\u00bbdefault\u00a0\u00bb width=\u00a0\u00bb12%\u00a0\u00bb module_alignment=\u00a0\u00bbcenter\u00a0\u00bb global_colors_info=\u00a0\u00bb{}\u00a0\u00bb][\/et_pb_divider][\/et_pb_column][\/et_pb_row][\/et_pb_section][et_pb_section fb_built=\u00a0\u00bb1&Prime; _builder_version=\u00a0\u00bb4.23.1&Prime; _module_preset=\u00a0\u00bbdefault\u00a0\u00bb background_color=\u00a0\u00bb#000000&Prime; custom_padding=\u00a0\u00bb0px||||false|false\u00a0\u00bb hover_enabled=\u00a0\u00bb0&Prime; global_colors_info=\u00a0\u00bb{}\u00a0\u00bb module_class=\u00a0\u00bbidsectionone\u00a0\u00bb sticky_enabled=\u00a0\u00bb0&Prime;][et_pb_row _builder_version=\u00a0\u00bb4.23.1&Prime; _module_preset=\u00a0\u00bbdefault\u00a0\u00bb background_color=\u00a0\u00bb#f4f5ef\u00a0\u00bb width=\u00a0\u00bb90%\u00a0\u00bb max_width=\u00a0\u00bb1920px\u00a0\u00bb custom_padding=\u00a0\u00bb25px|31px||31px|false|true\u00a0\u00bb animation_style=\u00a0\u00bbzoom\u00a0\u00bb box_shadow_style=\u00a0\u00bbpreset2&Prime; global_colors_info=\u00a0\u00bb{}\u00a0\u00bb][et_pb_column type=\u00a0\u00bb4_4&Prime; _builder_version=\u00a0\u00bb4.23.1&Prime; _module_preset=\u00a0\u00bbdefault\u00a0\u00bb global_colors_info=\u00a0\u00bb{}\u00a0\u00bb][et_pb_text _builder_version=\u00a0\u00bb4.23.1&Prime; _module_preset=\u00a0\u00bbdefault\u00a0\u00bb text_font=\u00a0\u00bbArial||||||||\u00a0\u00bb text_font_size=\u00a0\u00bb1vw\u00a0\u00bb text_orientation=\u00a0\u00bbjustified\u00a0\u00bb text_font_size_tablet=\u00a0\u00bb15px\u00a0\u00bb text_font_size_phone=\u00a0\u00bb15px\u00a0\u00bb text_font_size_last_edited=\u00a0\u00bbon|desktop\u00a0\u00bb custom_css_main_element=\u00a0\u00bbfont-weight:500!important;\u00a0\u00bb global_colors_info=\u00a0\u00bb{}\u00a0\u00bb]Ici vous pouvez d\u00e9couvrir nos offres exclusives de membership \u00ab\u00a0Elite Platinum\u00a0\u00bb.<br \/>\nEn tant que membre \u00ab\u00a0Elite Platinum\u00a0\u00bb, vous b\u00e9n\u00e9ficierez d&rsquo;une multitude d&rsquo;avantages con\u00e7us pour rendre votre exp\u00e9rience au club encore plus agr\u00e9able et pratique.<br \/>\nTout d&rsquo;abord, profitez d&rsquo;une remise de 10% sur l&rsquo;ensemble de nos services et produits. Que vous souhaitiez r\u00e9server un terrain, r\u00e9server une classe ou un coach, vous d\u00e9tendre au caf\u00e9, profiter de la buvette, louer du mat\u00e9riel ou m\u00eame acheter des \u00e9quipements, cette r\u00e9duction s&rsquo;appliquera \u00e0 tous.<br \/>\nMais ce n&rsquo;est pas tout ! En tant que membre Elite Platinum, vous b\u00e9n\u00e9ficierez \u00e9galement de r\u00e9ductions sp\u00e9ciales chez nos partenaires. Profitez d&rsquo;\u00e9conomies suppl\u00e9mentaires dans une s\u00e9lection de commerces et de services locaux, gr\u00e2ce \u00e0 notre r\u00e9seau de partenaires soigneusement s\u00e9lectionn\u00e9s.<br \/>\nNous pensons \u00e9galement \u00e0 votre confort pendant votre s\u00e9jour au club. C&rsquo;est pourquoi nous vous offrirons une bouteille d&rsquo;eau et une serviette par jour de r\u00e9servation. Restez hydrat\u00e9 et rafra\u00eechi, et profitez pleinement de vos activit\u00e9s sportives.<br \/>\nEn tant que membre Elite Platinum, vous b\u00e9n\u00e9ficierez \u00e9galement de privil\u00e8ges de r\u00e9servation exclusifs. Vous aurez la possibilit\u00e9 de r\u00e9server vos terrains jusqu&rsquo;\u00e0 un mois \u00e0 l&rsquo;avance, vous assurant ainsi d&rsquo;avoir acc\u00e8s aux cr\u00e9neaux horaires qui vous conviennent le mieux. De plus, vous pourrez r\u00e9server jusqu&rsquo;\u00e0 deux r\u00e9servations futures \u00e0 l&rsquo;avance, vous permettant de planifier et d&rsquo;organiser vos activit\u00e9s sportives en toute s\u00e9r\u00e9nit\u00e9.<br \/>\nRejoignez le club Elite d\u00e8s maintenant en devenant membre Elite Platinum et profitez de tous ces avantages exceptionnels. Offrez-vous une exp\u00e9rience sportive haut de gamme et facilitez votre pratique au quotidien.<br \/>\nNe manquez pas cette occasion unique ! Inscrivez-vous d\u00e8s maintenant et d\u00e9couvrez tous les privil\u00e8ges qui vous sont r\u00e9serv\u00e9s en tant que membre Elite Platinum \u00e0 l\u2019Elite Club.<br \/>\n<b>3 mois\u202f: 150,000 FCFA <\/b><br \/>\n<b>6 mois\u202f: 275,000 FCFA <\/b><br \/>\n<b>12 mois\u202f: 500,000 FCFA <\/b>[\/et_pb_text][\/et_pb_column][\/et_pb_row][\/et_pb_section]<\/p>\n","protected":false},"excerpt":{"rendered":"<p>Membership elite platinumIci vous pouvez d\u00e9couvrir nos offres exclusives de membership \u00ab\u00a0Elite Platinum\u00a0\u00bb. En tant que membre \u00ab\u00a0Elite Platinum\u00a0\u00bb, vous b\u00e9n\u00e9ficierez d&rsquo;une multitude d&rsquo;avantages con\u00e7us pour rendre votre exp\u00e9rience au club encore plus agr\u00e9able et pratique. Tout d&rsquo;abord, profitez d&rsquo;une remise de 10% sur l&rsquo;ensemble de nos services et produits. Que vous souhaitiez r\u00e9server un [&hellip;]<\/p>\n","protected":false},"author":2,"featured_media":0,"parent":0,"menu_order":0,"comment_status":"closed","ping_status":"closed","template":"","meta":{"_et_pb_use_builder":"on","_et_pb_old_content":"","_et_gb_content_width":"","footnotes":""},"_links":{"self":[{"href":"https:\/\/eliteclubci.com\/index.php\/wp-json\/wp\/v2\/pages\/3037"}],"collection":[{"href":"https:\/\/eliteclubci.com\/index.php\/wp-json\/wp\/v2\/pages"}],"about":[{"href":"https:\/\/eliteclubci.com\/index.php\/wp-json\/wp\/v2\/types\/page"}],"author":[{"embeddable":true,"href":"https:\/\/eliteclubci.com\/index.php\/wp-json\/wp\/v2\/users\/2"}],"replies":[{"embeddable":true,"href":"https:\/\/eliteclubci.com\/index.php\/wp-json\/wp\/v2\/comments?post=3037"}],"version-history":[{"count":7,"href":"https:\/\/eliteclubci.com\/index.php\/wp-json\/wp\/v2\/pages\/3037\/revisions"}],"predecessor-version":[{"id":3246,"href":"https:\/\/eliteclubci.com\/index.php\/wp-json\/wp\/v2\/pages\/3037\/revisions\/3246"}],"wp:attachment":[{"href":"https:\/\/eliteclubci.com\/index.php\/wp-json\/wp\/v2\/media?parent=3037"}],"curies":[{"name":"wp","href":"https:\/\/api.w.org\/{rel}","templated":true}]}}