{"id":3045,"date":"2024-01-17T16:49:06","date_gmt":"2024-01-17T15:49:06","guid":{"rendered":"https:\/\/eliteclubci.com\/?page_id=3045"},"modified":"2024-02-06T14:41:02","modified_gmt":"2024-02-06T13:41:02","slug":"elite-pickup","status":"publish","type":"page","link":"https:\/\/eliteclubci.com\/index.php\/elite-pickup\/","title":{"rendered":"Elite pickup"},"content":{"rendered":"<p>[et_pb_section fb_built=\u00a0\u00bb1&Prime; module_class=\u00a0\u00bbidsectionone\u00a0\u00bb _builder_version=\u00a0\u00bb4.23.1&Prime; _module_preset=\u00a0\u00bbdefault\u00a0\u00bb background_color=\u00a0\u00bb#000000&Prime; hover_enabled=\u00a0\u00bb0&Prime; global_colors_info=\u00a0\u00bb{}\u00a0\u00bb sticky_enabled=\u00a0\u00bb0&Prime;][et_pb_row _builder_version=\u00a0\u00bb4.23.1&Prime; _module_preset=\u00a0\u00bbdefault\u00a0\u00bb custom_padding=\u00a0\u00bb0px||0px||true|false\u00a0\u00bb global_colors_info=\u00a0\u00bb{}\u00a0\u00bb][et_pb_column type=\u00a0\u00bb4_4&Prime; _builder_version=\u00a0\u00bb4.16&Prime; _module_preset=\u00a0\u00bbdefault\u00a0\u00bb global_colors_info=\u00a0\u00bb{}\u00a0\u00bb][et_pb_text _builder_version=\u00a0\u00bb4.23.1&Prime; _module_preset=\u00a0\u00bbdefault\u00a0\u00bb text_font=\u00a0\u00bbMontserrat|800||on|||||\u00a0\u00bb text_text_color=\u00a0\u00bb#f4f5ef\u00a0\u00bb text_font_size=\u00a0\u00bb2vw\u00a0\u00bb text_orientation=\u00a0\u00bbcenter\u00a0\u00bb custom_padding=\u00a0\u00bb||0px||false|false\u00a0\u00bb text_font_size_tablet=\u00a0\u00bb20px\u00a0\u00bb text_font_size_phone=\u00a0\u00bb14px\u00a0\u00bb text_font_size_last_edited=\u00a0\u00bbon|phone\u00a0\u00bb global_colors_info=\u00a0\u00bb{}\u00a0\u00bb]Elite pickup: PLAY![\/et_pb_text][et_pb_divider color=\u00a0\u00bb#f4f5ef\u00a0\u00bb divider_weight=\u00a0\u00bb7px\u00a0\u00bb _builder_version=\u00a0\u00bb4.23.1&Prime; _module_preset=\u00a0\u00bbdefault\u00a0\u00bb width=\u00a0\u00bb12%\u00a0\u00bb module_alignment=\u00a0\u00bbcenter\u00a0\u00bb global_colors_info=\u00a0\u00bb{}\u00a0\u00bb][\/et_pb_divider][\/et_pb_column][\/et_pb_row][\/et_pb_section][et_pb_section fb_built=\u00a0\u00bb1&Prime; module_class=\u00a0\u00bbidsectionone\u00a0\u00bb _builder_version=\u00a0\u00bb4.23.1&Prime; _module_preset=\u00a0\u00bbdefault\u00a0\u00bb background_color=\u00a0\u00bb#000000&Prime; custom_padding=\u00a0\u00bb0px||||false|false\u00a0\u00bb hover_enabled=\u00a0\u00bb0&Prime; global_colors_info=\u00a0\u00bb{}\u00a0\u00bb sticky_enabled=\u00a0\u00bb0&Prime;][et_pb_row column_structure=\u00a0\u00bb1_2,1_2&Prime; _builder_version=\u00a0\u00bb4.23.1&Prime; _module_preset=\u00a0\u00bbdefault\u00a0\u00bb background_color=\u00a0\u00bb#f4f5ef\u00a0\u00bb width=\u00a0\u00bb90%\u00a0\u00bb max_width=\u00a0\u00bb1920px\u00a0\u00bb custom_padding=\u00a0\u00bb25px|43px|25px|43px|true|true\u00a0\u00bb animation_style=\u00a0\u00bbzoom\u00a0\u00bb box_shadow_style=\u00a0\u00bbpreset2&Prime; global_colors_info=\u00a0\u00bb{}\u00a0\u00bb][et_pb_column type=\u00a0\u00bb1_2&Prime; _builder_version=\u00a0\u00bb4.23.1&Prime; _module_preset=\u00a0\u00bbdefault\u00a0\u00bb global_colors_info=\u00a0\u00bb{}\u00a0\u00bb][et_pb_text _builder_version=\u00a0\u00bb4.23.1&Prime; _module_preset=\u00a0\u00bbdefault\u00a0\u00bb text_font=\u00a0\u00bbArial||||||||\u00a0\u00bb text_font_size=\u00a0\u00bb1vw\u00a0\u00bb text_orientation=\u00a0\u00bbjustified\u00a0\u00bb text_font_size_tablet=\u00a0\u00bb15px\u00a0\u00bb text_font_size_phone=\u00a0\u00bb15px\u00a0\u00bb text_font_size_last_edited=\u00a0\u00bbon|phone\u00a0\u00bb custom_css_main_element=\u00a0\u00bbfont-weight:500!important;\u00a0\u00bb global_colors_info=\u00a0\u00bb{}\u00a0\u00bb]<b>ELITE PICKUP\u202f: PLAY! <\/b><br \/>\nNous sommes fiers de vous pr\u00e9senter notre programme sp\u00e9cial \u00ab\u00a0Play!\u00a0\u00bb con\u00e7u sp\u00e9cialement pour les joueurs solistes qui cherchent \u00e0 se connecter avec d&rsquo;autres joueurs solistes et \u00e0 former des \u00e9quipes pour jouer.<br \/>\nLe programme \u00ab\u00a0Play!\u00a0\u00bb est id\u00e9al pour les joueurs solistes qui souhaitent se compl\u00e9ter et exp\u00e9rimenter des matchs dynamiques avec de nouveaux partenaires. Que vous soyez un joueur d\u00e9butant, interm\u00e9diaire ou avanc\u00e9, notre programme \u00ab\u00a0Play!\u00a0\u00bb vous offre une occasion unique de rencontrer d&rsquo;autres joueurs solistes de tous niveaux et de participer \u00e0 des matchs conviviaux et comp\u00e9titifs.<br \/>\nPour participer \u00e0 \u00ab\u00a0Play!\u00a0\u00bb, il vous suffit de vous inscrire en ligne et de s\u00e9lectionner le sport qui vous int\u00e9resse. Nous prendrons ensuite en compte votre niveau de comp\u00e9tence, vos pr\u00e9f\u00e9rences de jeu et vos disponibilit\u00e9s afin de vous proposer des partenaires compatibles et des cr\u00e9neaux horaires adapt\u00e9s \u00e0 votre emploi du temps.<br \/>\nUne fois que vous \u00eates inscrit au programme \u00ab\u00a0Play!\u00a0\u00bb, vous recevrez r\u00e9guli\u00e8rement des invitations pour participer \u00e0 des sessions de pickup games. Ces matchs vous permettront de vous amuser, de d\u00e9velopper vos comp\u00e9tences et de d\u00e9couvrir de nouveaux styles de jeu, tout en \u00e9largissant votre r\u00e9seau de joueurs solistes.<br \/>\nNous encourageons \u00e9galement le fair-play et l&rsquo;esprit d&rsquo;\u00e9quipe au sein de notre programme \u00ab\u00a0Play!\u00a0\u00bb. Nous sommes convaincus que jouer ensemble et se compl\u00e9ter mutuellement am\u00e9liore le plaisir du jeu, renforce les liens sociaux et favorise une ambiance agr\u00e9able sur les terrains. <\/p>\n<p>Rejoignez-nous d\u00e8s aujourd&rsquo;hui au Elite Club et participez \u00e0 notre programme \u00ab\u00a0Play!\u00a0\u00bb pour profiter d&rsquo;une exp\u00e9rience sportive in\u00e9gal\u00e9e. Rencontrez de nouveaux joueurs solistes, \u00e9largissez votre cercle de partenaires de jeu et soyez pr\u00eat \u00e0 vivre des moments m\u00e9morables sur nos terrains.<br \/>\nInscrivez-vous maintenant et pr\u00e9parez-vous \u00e0 jouer au niveau sup\u00e9rieur avec le programme \u00ab\u00a0Play!\u00a0\u00bb \u00e0 l\u2019Elite Club. [\/et_pb_text][\/et_pb_column][et_pb_column type=\u00a0\u00bb1_2&Prime; _builder_version=\u00a0\u00bb4.23.1&Prime; _module_preset=\u00a0\u00bbdefault\u00a0\u00bb global_colors_info=\u00a0\u00bb{}\u00a0\u00bb][et_pb_image src=\u00a0\u00bbhttp:\/\/eliteclubci.com\/wp-content\/uploads\/2024\/01\/eliteplay.jpg\u00a0\u00bb title_text=\u00a0\u00bbeliteplay\u00a0\u00bb align=\u00a0\u00bbcenter\u00a0\u00bb _builder_version=\u00a0\u00bb4.23.1&Prime; _module_preset=\u00a0\u00bbdefault\u00a0\u00bb box_shadow_style=\u00a0\u00bbpreset2&Prime; box_shadow_color=\u00a0\u00bb#000000&Prime; global_colors_info=\u00a0\u00bb{}\u00a0\u00bb][\/et_pb_image][\/et_pb_column][\/et_pb_row][\/et_pb_section]<\/p>\n","protected":false},"excerpt":{"rendered":"<p>Elite pickup: PLAY!ELITE PICKUP\u202f: PLAY! Nous sommes fiers de vous pr\u00e9senter notre programme sp\u00e9cial \u00ab\u00a0Play!\u00a0\u00bb con\u00e7u sp\u00e9cialement pour les joueurs solistes qui cherchent \u00e0 se connecter avec d&rsquo;autres joueurs solistes et \u00e0 former des \u00e9quipes pour jouer. Le programme \u00ab\u00a0Play!\u00a0\u00bb est id\u00e9al pour les joueurs solistes qui souhaitent se compl\u00e9ter et exp\u00e9rimenter des matchs dynamiques [&hellip;]<\/p>\n","protected":false},"author":2,"featured_media":0,"parent":0,"menu_order":0,"comment_status":"closed","ping_status":"closed","template":"","meta":{"_et_pb_use_builder":"on","_et_pb_old_content":"","_et_gb_content_width":"","footnotes":""},"_links":{"self":[{"href":"https:\/\/eliteclubci.com\/index.php\/wp-json\/wp\/v2\/pages\/3045"}],"collection":[{"href":"https:\/\/eliteclubci.com\/index.php\/wp-json\/wp\/v2\/pages"}],"about":[{"href":"https:\/\/eliteclubci.com\/index.php\/wp-json\/wp\/v2\/types\/page"}],"author":[{"embeddable":true,"href":"https:\/\/eliteclubci.com\/index.php\/wp-json\/wp\/v2\/users\/2"}],"replies":[{"embeddable":true,"href":"https:\/\/eliteclubci.com\/index.php\/wp-json\/wp\/v2\/comments?post=3045"}],"version-history":[{"count":8,"href":"https:\/\/eliteclubci.com\/index.php\/wp-json\/wp\/v2\/pages\/3045\/revisions"}],"predecessor-version":[{"id":3242,"href":"https:\/\/eliteclubci.com\/index.php\/wp-json\/wp\/v2\/pages\/3045\/revisions\/3242"}],"wp:attachment":[{"href":"https:\/\/eliteclubci.com\/index.php\/wp-json\/wp\/v2\/media?parent=3045"}],"curies":[{"name":"wp","href":"https:\/\/api.w.org\/{rel}","templated":true}]}}