{"id":3052,"date":"2024-01-17T16:51:39","date_gmt":"2024-01-17T15:51:39","guid":{"rendered":"https:\/\/eliteclubci.com\/?page_id=3052"},"modified":"2024-02-06T14:15:12","modified_gmt":"2024-02-06T13:15:12","slug":"classes-et-coachs","status":"publish","type":"page","link":"https:\/\/eliteclubci.com\/index.php\/classes-et-coachs\/","title":{"rendered":"Classes et coachs"},"content":{"rendered":"<p>[et_pb_section fb_built=\u00a0\u00bb1&Prime; _builder_version=\u00a0\u00bb4.23.1&Prime; _module_preset=\u00a0\u00bbdefault\u00a0\u00bb background_color=\u00a0\u00bb#000000&Prime; hover_enabled=\u00a0\u00bb0&Prime; global_colors_info=\u00a0\u00bb{}\u00a0\u00bb module_class=\u00a0\u00bbidsectionone\u00a0\u00bb sticky_enabled=\u00a0\u00bb0&Prime;][et_pb_row _builder_version=\u00a0\u00bb4.23.1&Prime; _module_preset=\u00a0\u00bbdefault\u00a0\u00bb custom_padding=\u00a0\u00bb0px||0px||true|false\u00a0\u00bb global_colors_info=\u00a0\u00bb{}\u00a0\u00bb][et_pb_column type=\u00a0\u00bb4_4&Prime; _builder_version=\u00a0\u00bb4.16&Prime; _module_preset=\u00a0\u00bbdefault\u00a0\u00bb global_colors_info=\u00a0\u00bb{}\u00a0\u00bb][et_pb_text _builder_version=\u00a0\u00bb4.23.1&Prime; _module_preset=\u00a0\u00bbdefault\u00a0\u00bb text_font=\u00a0\u00bbMontserrat|800||on|||||\u00a0\u00bb text_text_color=\u00a0\u00bb#f4f5ef\u00a0\u00bb text_font_size=\u00a0\u00bb2vw\u00a0\u00bb text_orientation=\u00a0\u00bbcenter\u00a0\u00bb custom_padding=\u00a0\u00bb||0px||false|false\u00a0\u00bb text_font_size_tablet=\u00a0\u00bb20px\u00a0\u00bb text_font_size_phone=\u00a0\u00bb14px\u00a0\u00bb text_font_size_last_edited=\u00a0\u00bbon|phone\u00a0\u00bb global_colors_info=\u00a0\u00bb{}\u00a0\u00bb]Classes et coachs[\/et_pb_text][et_pb_divider color=\u00a0\u00bb#f4f5ef\u00a0\u00bb divider_weight=\u00a0\u00bb7px\u00a0\u00bb _builder_version=\u00a0\u00bb4.23.1&Prime; _module_preset=\u00a0\u00bbdefault\u00a0\u00bb width=\u00a0\u00bb12%\u00a0\u00bb module_alignment=\u00a0\u00bbcenter\u00a0\u00bb global_colors_info=\u00a0\u00bb{}\u00a0\u00bb][\/et_pb_divider][\/et_pb_column][\/et_pb_row][\/et_pb_section][et_pb_section fb_built=\u00a0\u00bb1&Prime; _builder_version=\u00a0\u00bb4.23.1&Prime; _module_preset=\u00a0\u00bbdefault\u00a0\u00bb background_color=\u00a0\u00bb#000000&Prime; custom_padding=\u00a0\u00bb0px||||false|false\u00a0\u00bb hover_enabled=\u00a0\u00bb0&Prime; global_colors_info=\u00a0\u00bb{}\u00a0\u00bb module_class=\u00a0\u00bbidsectionone\u00a0\u00bb sticky_enabled=\u00a0\u00bb0&Prime;][et_pb_row _builder_version=\u00a0\u00bb4.23.1&Prime; _module_preset=\u00a0\u00bbdefault\u00a0\u00bb background_color=\u00a0\u00bb#f4f5ef\u00a0\u00bb width=\u00a0\u00bb90%\u00a0\u00bb max_width=\u00a0\u00bb1920px\u00a0\u00bb custom_padding=\u00a0\u00bb25px|40px|25px|40px|true|true\u00a0\u00bb animation_style=\u00a0\u00bbzoom\u00a0\u00bb box_shadow_style=\u00a0\u00bbpreset2&Prime; global_colors_info=\u00a0\u00bb{}\u00a0\u00bb][et_pb_column type=\u00a0\u00bb4_4&Prime; _builder_version=\u00a0\u00bb4.23.1&Prime; _module_preset=\u00a0\u00bbdefault\u00a0\u00bb global_colors_info=\u00a0\u00bb{}\u00a0\u00bb][et_pb_text _builder_version=\u00a0\u00bb4.23.1&Prime; _module_preset=\u00a0\u00bbdefault\u00a0\u00bb text_font=\u00a0\u00bbArial||||||||\u00a0\u00bb text_font_size=\u00a0\u00bb1vw\u00a0\u00bb text_orientation=\u00a0\u00bbjustified\u00a0\u00bb text_font_size_tablet=\u00a0\u00bb15px\u00a0\u00bb text_font_size_phone=\u00a0\u00bb15px\u00a0\u00bb text_font_size_last_edited=\u00a0\u00bbon|phone\u00a0\u00bb global_colors_info=\u00a0\u00bb{}\u00a0\u00bb]<b>CLASSES ET COACHS <\/b><br \/>\nNous mettons \u00e0 votre disposition une \u00e9quipe de coachs experts pr\u00eats \u00e0 vous aider \u00e0 atteindre vos objectifs sportifs.<br \/>\nNos coachs qualifi\u00e9s offrent une gamme compl\u00e8te de cours et d&rsquo;entra\u00eenements adapt\u00e9s \u00e0 tous les niveaux et \u00e0 toutes les pr\u00e9f\u00e9rences. Que vous souhaitiez rejoindre un cours en groupe ou b\u00e9n\u00e9ficier d&rsquo;un entra\u00eenement individuel, nos coachs sont l\u00e0 pour vous accompagner en mettant leur expertise et leur passion \u00e0 votre service.<br \/>\nGr\u00e2ce l\u2019application du club, vous pouvez facilement r\u00e9server les services de nos coachs. Explorez l&rsquo;agenda des cours et des sessions d&rsquo;entra\u00eenement, choisissez l&rsquo;offre qui vous convient le mieux en fonction de vos besoins et de vos disponibilit\u00e9s, puis r\u00e9servez directement depuis votre appareil mobile. Notre plateforme conviviale vous permet de g\u00e9rer vos r\u00e9servations en quelques clics seulement.<br \/>\nEn tant que membre \u00ab\u00a0Elite Platinum\u00a0\u00bb, vous b\u00e9n\u00e9ficiez d&rsquo;un avantage suppl\u00e9mentaire en obtenant une remise de 10% sur toutes vos classes avec nos coachs. C&rsquo;est notre fa\u00e7on de reconna\u00eetre et de valoriser votre engagement envers votre sant\u00e9 et votre bien-\u00eatre.<br \/>\nNous comprenons l&rsquo;importance de travailler avec des professionnels qualifi\u00e9s et motivants pour vous aider \u00e0 atteindre vos objectifs. C&rsquo;est pourquoi nous avons soigneusement s\u00e9lectionn\u00e9 une \u00e9quipe de coachs comp\u00e9tents et d\u00e9vou\u00e9s, pr\u00eats \u00e0 vous offrir un accompagnement personnalis\u00e9 pour maximiser vos performances sportives et votre progression.<br \/>\nRejoignez-nous d\u00e8s maintenant \u00e0 l\u2019Elite Club et b\u00e9n\u00e9ficiez des services de nos coachs exceptionnels. Profitez de cours en groupe dynamiques ou optez pour des s\u00e9ances d&rsquo;entra\u00eenement individuelles pour une approche sur mesure. Quel que soit votre choix, nous avons la solution pour vous aider \u00e0 atteindre vos objectifs sportifs.<br \/>\nInscrivez-vous d\u00e8s aujourd&rsquo;hui et d\u00e9couvrez les avantages exclusifs qui vous attendent, en tant que membre \u00ab\u00a0Elite Platinum\u00a0\u00bb, \u00e0 l\u2019Elite Club. Boostez votre motivation, am\u00e9liorez vos comp\u00e9tences et profitez de l&rsquo;expertise de nos coachs pour vivre une exp\u00e9rience sportive exceptionnelle.<br \/>\n<b>PHOTOS ET LISTES DES COACHS DISPONIBLE AVEC PROGRAMMES\u202fSELON LEUR SPORT <\/b>[\/et_pb_text][\/et_pb_column][\/et_pb_row][\/et_pb_section]<\/p>\n","protected":false},"excerpt":{"rendered":"<p>Classes et coachsCLASSES ET COACHS Nous mettons \u00e0 votre disposition une \u00e9quipe de coachs experts pr\u00eats \u00e0 vous aider \u00e0 atteindre vos objectifs sportifs. Nos coachs qualifi\u00e9s offrent une gamme compl\u00e8te de cours et d&rsquo;entra\u00eenements adapt\u00e9s \u00e0 tous les niveaux et \u00e0 toutes les pr\u00e9f\u00e9rences. Que vous souhaitiez rejoindre un cours en groupe ou b\u00e9n\u00e9ficier [&hellip;]<\/p>\n","protected":false},"author":2,"featured_media":0,"parent":0,"menu_order":0,"comment_status":"closed","ping_status":"closed","template":"","meta":{"_et_pb_use_builder":"on","_et_pb_old_content":"","_et_gb_content_width":"","footnotes":""},"_links":{"self":[{"href":"https:\/\/eliteclubci.com\/index.php\/wp-json\/wp\/v2\/pages\/3052"}],"collection":[{"href":"https:\/\/eliteclubci.com\/index.php\/wp-json\/wp\/v2\/pages"}],"about":[{"href":"https:\/\/eliteclubci.com\/index.php\/wp-json\/wp\/v2\/types\/page"}],"author":[{"embeddable":true,"href":"https:\/\/eliteclubci.com\/index.php\/wp-json\/wp\/v2\/users\/2"}],"replies":[{"embeddable":true,"href":"https:\/\/eliteclubci.com\/index.php\/wp-json\/wp\/v2\/comments?post=3052"}],"version-history":[{"count":5,"href":"https:\/\/eliteclubci.com\/index.php\/wp-json\/wp\/v2\/pages\/3052\/revisions"}],"predecessor-version":[{"id":3238,"href":"https:\/\/eliteclubci.com\/index.php\/wp-json\/wp\/v2\/pages\/3052\/revisions\/3238"}],"wp:attachment":[{"href":"https:\/\/eliteclubci.com\/index.php\/wp-json\/wp\/v2\/media?parent=3052"}],"curies":[{"name":"wp","href":"https:\/\/api.w.org\/{rel}","templated":true}]}}