{"id":3057,"date":"2024-01-17T16:52:52","date_gmt":"2024-01-17T15:52:52","guid":{"rendered":"https:\/\/eliteclubci.com\/?page_id=3057"},"modified":"2024-02-06T14:44:07","modified_gmt":"2024-02-06T13:44:07","slug":"partenaires-et-sponsor","status":"publish","type":"page","link":"https:\/\/eliteclubci.com\/index.php\/partenaires-et-sponsor\/","title":{"rendered":"Partenaires et sponsor"},"content":{"rendered":"<p>[et_pb_section fb_built=\u00a0\u00bb1&Prime; _builder_version=\u00a0\u00bb4.23.1&Prime; _module_preset=\u00a0\u00bbdefault\u00a0\u00bb background_color=\u00a0\u00bb#000000&Prime; hover_enabled=\u00a0\u00bb0&Prime; global_colors_info=\u00a0\u00bb{}\u00a0\u00bb module_class=\u00a0\u00bbidsectionone\u00a0\u00bb sticky_enabled=\u00a0\u00bb0&Prime;][et_pb_row _builder_version=\u00a0\u00bb4.23.1&Prime; _module_preset=\u00a0\u00bbdefault\u00a0\u00bb custom_padding=\u00a0\u00bb0px||0px||true|false\u00a0\u00bb global_colors_info=\u00a0\u00bb{}\u00a0\u00bb][et_pb_column type=\u00a0\u00bb4_4&Prime; _builder_version=\u00a0\u00bb4.16&Prime; _module_preset=\u00a0\u00bbdefault\u00a0\u00bb global_colors_info=\u00a0\u00bb{}\u00a0\u00bb][et_pb_text _builder_version=\u00a0\u00bb4.23.1&Prime; _module_preset=\u00a0\u00bbdefault\u00a0\u00bb text_font=\u00a0\u00bbMontserrat|800||on|||||\u00a0\u00bb text_text_color=\u00a0\u00bb#f4f5ef\u00a0\u00bb text_font_size=\u00a0\u00bb2vw\u00a0\u00bb text_orientation=\u00a0\u00bbcenter\u00a0\u00bb custom_padding=\u00a0\u00bb||0px||false|false\u00a0\u00bb text_font_size_tablet=\u00a0\u00bb20px\u00a0\u00bb text_font_size_phone=\u00a0\u00bb14px\u00a0\u00bb text_font_size_last_edited=\u00a0\u00bbon|phone\u00a0\u00bb global_colors_info=\u00a0\u00bb{}\u00a0\u00bb]Partenaires et sponsor[\/et_pb_text][et_pb_divider color=\u00a0\u00bb#f4f5ef\u00a0\u00bb divider_weight=\u00a0\u00bb7px\u00a0\u00bb _builder_version=\u00a0\u00bb4.23.1&Prime; _module_preset=\u00a0\u00bbdefault\u00a0\u00bb width=\u00a0\u00bb12%\u00a0\u00bb module_alignment=\u00a0\u00bbcenter\u00a0\u00bb global_colors_info=\u00a0\u00bb{}\u00a0\u00bb][\/et_pb_divider][\/et_pb_column][\/et_pb_row][\/et_pb_section][et_pb_section fb_built=\u00a0\u00bb1&Prime; _builder_version=\u00a0\u00bb4.23.1&Prime; _module_preset=\u00a0\u00bbdefault\u00a0\u00bb background_color=\u00a0\u00bb#000000&Prime; custom_padding=\u00a0\u00bb0px||||false|false\u00a0\u00bb hover_enabled=\u00a0\u00bb0&Prime; global_colors_info=\u00a0\u00bb{}\u00a0\u00bb module_class=\u00a0\u00bbidsectionone\u00a0\u00bb sticky_enabled=\u00a0\u00bb0&Prime;][et_pb_row _builder_version=\u00a0\u00bb4.23.1&Prime; _module_preset=\u00a0\u00bbdefault\u00a0\u00bb background_color=\u00a0\u00bb#f4f5ef\u00a0\u00bb width=\u00a0\u00bb90%\u00a0\u00bb max_width=\u00a0\u00bb1920px\u00a0\u00bb custom_padding=\u00a0\u00bb39px|45px|39px|45px|true|true\u00a0\u00bb animation_style=\u00a0\u00bbzoom\u00a0\u00bb box_shadow_style=\u00a0\u00bbpreset2&Prime; global_colors_info=\u00a0\u00bb{}\u00a0\u00bb][et_pb_column type=\u00a0\u00bb4_4&Prime; _builder_version=\u00a0\u00bb4.23.1&Prime; _module_preset=\u00a0\u00bbdefault\u00a0\u00bb global_colors_info=\u00a0\u00bb{}\u00a0\u00bb][et_pb_text _builder_version=\u00a0\u00bb4.23.1&Prime; _module_preset=\u00a0\u00bbdefault\u00a0\u00bb text_font=\u00a0\u00bbArial||||||||\u00a0\u00bb text_font_size=\u00a0\u00bb1vw\u00a0\u00bb text_orientation=\u00a0\u00bbjustified\u00a0\u00bb text_font_size_tablet=\u00a0\u00bb15px\u00a0\u00bb text_font_size_phone=\u00a0\u00bb15px\u00a0\u00bb text_font_size_last_edited=\u00a0\u00bbon|phone\u00a0\u00bb custom_css_main_element=\u00a0\u00bbfont-weight:500!important;\u00a0\u00bb global_colors_info=\u00a0\u00bb{}\u00a0\u00bb]Veuillez nous contacter par email ou par t\u00e9l\u00e9phone pour tout int\u00e9r\u00eat de sponsorship ou de partenariat. <\/p>\n<p><b>Location d\u2019espaces publicitaires\u202f: <\/b><\/p>\n<p>Vous cherchez un moyen efficace de promouvoir votre marque aupr\u00e8s d\u2019un public dynamique et passionn\u00e9 ? Ne cherchez pas plus loin que le club sportif Elite Club, situ\u00e9 \u00e0 <b>Marcory, zone 4, derri\u00e8re le Cap Sud,<\/b> un emplacement strat\u00e9gique et facile d\u2019acc\u00e8s. En louant un espace publicitaire sur nos panneaux, vous b\u00e9n\u00e9ficierez d\u2019une visibilit\u00e9 optimale aupr\u00e8s de nos membres et de nos visiteurs, qui pratiquent diverses activit\u00e9s sportives telles que le football, le tennis, le basket-ball ou la natation. Elite Club, c\u2019est plus qu\u2019un simple club sportif, c\u2019est une communaut\u00e9 de personnes qui partagent les m\u00eames valeurs de performance, de convivialit\u00e9 et de respect. Rejoignez-nous et faites partie de cette aventure !<br \/>\nEn plus, Elite Club vous offre un service innovant et exclusif : nos terrains sont \u00e9quip\u00e9s de <b>cam\u00e9ras<\/b> qui vous permettent de <b>filmer vos matchs <\/b>ou <b>d\u2019acheter vos vid\u00e9os.<\/b> Vous pouvez ainsi revivre vos exploits, analyser vos performances ou les partager avec vos amis sur les <b>r\u00e9seaux sociaux.<\/b> Et ce n\u2019est pas tout : nos terrains portent le <b>nom de votre marque,<\/b> ce qui renforce votre notori\u00e9t\u00e9 et votre image. Ainsi, quand un client r\u00e9serve un terrain dans notre application, il r\u00e9serve le terrain <b>\u201csponsor\u201d<\/b> et indique \u00e0 ses amis qu\u2019il joue sur le terrain <b>\u201csponsor\u201d<\/b>. N\u2019est-ce pas une opportunit\u00e9 en or pour vous faire conna\u00eetre et fid\u00e9liser votre client\u00e8le ? N\u2019attendez plus, contactez-nous d\u00e8s maintenant et profitez de nos offres exceptionnelles ! [\/et_pb_text][\/et_pb_column][\/et_pb_row][\/et_pb_section]<\/p>\n","protected":false},"excerpt":{"rendered":"<p>Partenaires et sponsorVeuillez nous contacter par email ou par t\u00e9l\u00e9phone pour tout int\u00e9r\u00eat de sponsorship ou de partenariat. Location d\u2019espaces publicitaires\u202f: Vous cherchez un moyen efficace de promouvoir votre marque aupr\u00e8s d\u2019un public dynamique et passionn\u00e9 ? Ne cherchez pas plus loin que le club sportif Elite Club, situ\u00e9 \u00e0 Marcory, zone 4, derri\u00e8re le [&hellip;]<\/p>\n","protected":false},"author":2,"featured_media":0,"parent":0,"menu_order":0,"comment_status":"closed","ping_status":"closed","template":"","meta":{"_et_pb_use_builder":"on","_et_pb_old_content":"","_et_gb_content_width":"","footnotes":""},"_links":{"self":[{"href":"https:\/\/eliteclubci.com\/index.php\/wp-json\/wp\/v2\/pages\/3057"}],"collection":[{"href":"https:\/\/eliteclubci.com\/index.php\/wp-json\/wp\/v2\/pages"}],"about":[{"href":"https:\/\/eliteclubci.com\/index.php\/wp-json\/wp\/v2\/types\/page"}],"author":[{"embeddable":true,"href":"https:\/\/eliteclubci.com\/index.php\/wp-json\/wp\/v2\/users\/2"}],"replies":[{"embeddable":true,"href":"https:\/\/eliteclubci.com\/index.php\/wp-json\/wp\/v2\/comments?post=3057"}],"version-history":[{"count":6,"href":"https:\/\/eliteclubci.com\/index.php\/wp-json\/wp\/v2\/pages\/3057\/revisions"}],"predecessor-version":[{"id":3247,"href":"https:\/\/eliteclubci.com\/index.php\/wp-json\/wp\/v2\/pages\/3057\/revisions\/3247"}],"wp:attachment":[{"href":"https:\/\/eliteclubci.com\/index.php\/wp-json\/wp\/v2\/media?parent=3057"}],"curies":[{"name":"wp","href":"https:\/\/api.w.org\/{rel}","templated":true}]}}