{"id":3065,"date":"2024-01-17T17:04:49","date_gmt":"2024-01-17T16:04:49","guid":{"rendered":"https:\/\/eliteclubci.com\/?page_id=3065"},"modified":"2024-02-06T14:41:50","modified_gmt":"2024-02-06T13:41:50","slug":"evenement-corporate","status":"publish","type":"page","link":"https:\/\/eliteclubci.com\/index.php\/evenement-corporate\/","title":{"rendered":"Ev\u00e9nement corporate"},"content":{"rendered":"<p>[et_pb_section fb_built=\u00a0\u00bb1&Prime; _builder_version=\u00a0\u00bb4.23.1&Prime; _module_preset=\u00a0\u00bbdefault\u00a0\u00bb background_color=\u00a0\u00bb#000000&Prime; hover_enabled=\u00a0\u00bb0&Prime; global_colors_info=\u00a0\u00bb{}\u00a0\u00bb module_class=\u00a0\u00bbidsectionone\u00a0\u00bb sticky_enabled=\u00a0\u00bb0&Prime;][et_pb_row _builder_version=\u00a0\u00bb4.23.1&Prime; _module_preset=\u00a0\u00bbdefault\u00a0\u00bb custom_padding=\u00a0\u00bb0px||0px||true|false\u00a0\u00bb global_colors_info=\u00a0\u00bb{}\u00a0\u00bb][et_pb_column type=\u00a0\u00bb4_4&Prime; _builder_version=\u00a0\u00bb4.16&Prime; _module_preset=\u00a0\u00bbdefault\u00a0\u00bb global_colors_info=\u00a0\u00bb{}\u00a0\u00bb][et_pb_text _builder_version=\u00a0\u00bb4.23.1&Prime; _module_preset=\u00a0\u00bbdefault\u00a0\u00bb text_font=\u00a0\u00bbMontserrat|800||on|||||\u00a0\u00bb text_text_color=\u00a0\u00bb#f4f5ef\u00a0\u00bb text_font_size=\u00a0\u00bb2vw\u00a0\u00bb text_orientation=\u00a0\u00bbcenter\u00a0\u00bb custom_padding=\u00a0\u00bb||0px||false|false\u00a0\u00bb text_font_size_tablet=\u00a0\u00bb20px\u00a0\u00bb text_font_size_phone=\u00a0\u00bb14px\u00a0\u00bb text_font_size_last_edited=\u00a0\u00bbon|phone\u00a0\u00bb global_colors_info=\u00a0\u00bb{}\u00a0\u00bb]Ev\u00e9nement corporate[\/et_pb_text][et_pb_divider color=\u00a0\u00bb#f4f5ef\u00a0\u00bb divider_weight=\u00a0\u00bb7px\u00a0\u00bb _builder_version=\u00a0\u00bb4.23.1&Prime; _module_preset=\u00a0\u00bbdefault\u00a0\u00bb width=\u00a0\u00bb12%\u00a0\u00bb module_alignment=\u00a0\u00bbcenter\u00a0\u00bb global_colors_info=\u00a0\u00bb{}\u00a0\u00bb][\/et_pb_divider][\/et_pb_column][\/et_pb_row][\/et_pb_section][et_pb_section fb_built=\u00a0\u00bb1&Prime; _builder_version=\u00a0\u00bb4.23.1&Prime; _module_preset=\u00a0\u00bbdefault\u00a0\u00bb background_color=\u00a0\u00bb#000000&Prime; custom_padding=\u00a0\u00bb0px||||false|false\u00a0\u00bb hover_enabled=\u00a0\u00bb0&Prime; global_colors_info=\u00a0\u00bb{}\u00a0\u00bb module_class=\u00a0\u00bbidsectionone\u00a0\u00bb sticky_enabled=\u00a0\u00bb0&Prime;][et_pb_row _builder_version=\u00a0\u00bb4.23.1&Prime; _module_preset=\u00a0\u00bbdefault\u00a0\u00bb background_color=\u00a0\u00bb#f4f5ef\u00a0\u00bb width=\u00a0\u00bb90%\u00a0\u00bb max_width=\u00a0\u00bb1920px\u00a0\u00bb custom_padding=\u00a0\u00bb35px|49px|35px|49px|true|true\u00a0\u00bb animation_style=\u00a0\u00bbzoom\u00a0\u00bb box_shadow_style=\u00a0\u00bbpreset2&Prime; global_colors_info=\u00a0\u00bb{}\u00a0\u00bb][et_pb_column type=\u00a0\u00bb4_4&Prime; _builder_version=\u00a0\u00bb4.23.1&Prime; _module_preset=\u00a0\u00bbdefault\u00a0\u00bb global_colors_info=\u00a0\u00bb{}\u00a0\u00bb][et_pb_text _builder_version=\u00a0\u00bb4.23.1&Prime; _module_preset=\u00a0\u00bbdefault\u00a0\u00bb text_font=\u00a0\u00bbArial||||||||\u00a0\u00bb text_font_size=\u00a0\u00bb1vw\u00a0\u00bb text_orientation=\u00a0\u00bbjustified\u00a0\u00bb text_font_size_tablet=\u00a0\u00bb15px\u00a0\u00bb text_font_size_phone=\u00a0\u00bb15px\u00a0\u00bb text_font_size_last_edited=\u00a0\u00bbon|desktop\u00a0\u00bb custom_css_main_element=\u00a0\u00bbfont-weight:500!important;\u00a0\u00bb global_colors_info=\u00a0\u00bb{}\u00a0\u00bb]<b>EVENEMENT CORPORATE \/ ANNIVERSSAIRE \/ EVENEMENTS PRIVES <\/b><br \/>\nVous cherchez un lieu dynamique et sportif pour organiser votre \u00e9v\u00e9nement d\u2019entreprise, votre anniversaire ou votre \u00e9v\u00e8nement priv\u00e9 ? Ne cherchez plus, Elite club est fait pour vous !<br \/>\nElite club vous accueille dans un espace de 5000 m2, d\u00e9di\u00e9 aux sports de raquette et de ballon. Vous pouvez louer le club dans son int\u00e9gralit\u00e9, ou choisir l\u2019activit\u00e9 qui vous convient le mieux : padel, basket, volleyball ou padbol. Vous b\u00e9n\u00e9ficiez d\u2019un mat\u00e9riel de qualit\u00e9, d\u2019un encadrement professionnel et d\u2019une ambiance conviviale. Elite club vous propose \u00e9galement des prestations sur mesure, adapt\u00e9es \u00e0 vos besoins et \u00e0 votre budget : buffet, boissons, musique, animation, d\u00e9coration, photographe, etc. Nous vous accompagnons dans la r\u00e9alisation de votre projet, de la conception \u00e0 la mise en \u0153uvre.<br \/>\nQue ce soit pour un team building, un challenge sportif, un go\u00fbter, un anniversaire, un enterrement de vie de c\u00e9libataire, un tournoi ou tout autre \u00e9v\u00e9nement priv\u00e9, Elite club vous garantit une exp\u00e9rience ludique et originale.<br \/>\nN\u2019h\u00e9sitez pas \u00e0 nous contacter pour obtenir un devis personnalis\u00e9 et r\u00e9server votre date. Elite club vous attend pour faire de votre \u00e9v\u00e9nement un moment inoubliable ! [\/et_pb_text][\/et_pb_column][\/et_pb_row][\/et_pb_section]<\/p>\n","protected":false},"excerpt":{"rendered":"<p>Ev\u00e9nement corporateEVENEMENT CORPORATE \/ ANNIVERSSAIRE \/ EVENEMENTS PRIVES Vous cherchez un lieu dynamique et sportif pour organiser votre \u00e9v\u00e9nement d\u2019entreprise, votre anniversaire ou votre \u00e9v\u00e8nement priv\u00e9 ? Ne cherchez plus, Elite club est fait pour vous ! Elite club vous accueille dans un espace de 5000 m2, d\u00e9di\u00e9 aux sports de raquette et de ballon. [&hellip;]<\/p>\n","protected":false},"author":2,"featured_media":0,"parent":0,"menu_order":0,"comment_status":"closed","ping_status":"closed","template":"","meta":{"_et_pb_use_builder":"on","_et_pb_old_content":"","_et_gb_content_width":"","footnotes":""},"_links":{"self":[{"href":"https:\/\/eliteclubci.com\/index.php\/wp-json\/wp\/v2\/pages\/3065"}],"collection":[{"href":"https:\/\/eliteclubci.com\/index.php\/wp-json\/wp\/v2\/pages"}],"about":[{"href":"https:\/\/eliteclubci.com\/index.php\/wp-json\/wp\/v2\/types\/page"}],"author":[{"embeddable":true,"href":"https:\/\/eliteclubci.com\/index.php\/wp-json\/wp\/v2\/users\/2"}],"replies":[{"embeddable":true,"href":"https:\/\/eliteclubci.com\/index.php\/wp-json\/wp\/v2\/comments?post=3065"}],"version-history":[{"count":5,"href":"https:\/\/eliteclubci.com\/index.php\/wp-json\/wp\/v2\/pages\/3065\/revisions"}],"predecessor-version":[{"id":3244,"href":"https:\/\/eliteclubci.com\/index.php\/wp-json\/wp\/v2\/pages\/3065\/revisions\/3244"}],"wp:attachment":[{"href":"https:\/\/eliteclubci.com\/index.php\/wp-json\/wp\/v2\/media?parent=3065"}],"curies":[{"name":"wp","href":"https:\/\/api.w.org\/{rel}","templated":true}]}}